{"id":2,"date":"2022-12-16T17:00:20","date_gmt":"2022-12-16T17:00:20","guid":{"rendered":"https:\/\/kompendiumesg.pl\/pzu\/?page_id=2"},"modified":"2024-09-27T10:43:55","modified_gmt":"2024-09-27T09:43:55","slug":"sample-page","status":"publish","type":"page","link":"https:\/\/kompendiumesg.pl\/pzu\/","title":{"rendered":"Biurowiec PZU wzorem troski o \u015brodowisko i pracownik\u00f3w"},"content":{"rendered":"\r\n<figure id=\"attachment_174\" aria-describedby=\"caption-attachment-174\" style=\"width: 1896px\" class=\"wp-caption alignnone\"><img decoding=\"async\" loading=\"lazy\" class=\"wp-image-174 size-full\" src=\"https:\/\/kompendiumesg.pl\/pzu\/wp-content\/uploads\/2022\/12\/pzu.jpeg\" alt=\"\" width=\"1896\" height=\"1184\" srcset=\"https:\/\/kompendiumesg.pl\/pzu\/wp-content\/uploads\/2022\/12\/pzu.jpeg 1896w, https:\/\/kompendiumesg.pl\/pzu\/wp-content\/uploads\/2022\/12\/pzu-300x187.jpeg 300w, https:\/\/kompendiumesg.pl\/pzu\/wp-content\/uploads\/2022\/12\/pzu-1024x639.jpeg 1024w, https:\/\/kompendiumesg.pl\/pzu\/wp-content\/uploads\/2022\/12\/pzu-768x480.jpeg 768w, https:\/\/kompendiumesg.pl\/pzu\/wp-content\/uploads\/2022\/12\/pzu-1536x959.jpeg 1536w, https:\/\/kompendiumesg.pl\/pzu\/wp-content\/uploads\/2022\/12\/pzu-673x420.jpeg 673w, https:\/\/kompendiumesg.pl\/pzu\/wp-content\/uploads\/2022\/12\/pzu-640x400.jpeg 640w, https:\/\/kompendiumesg.pl\/pzu\/wp-content\/uploads\/2022\/12\/pzu-681x425.jpeg 681w\" sizes=\"(max-width: 1896px) 100vw, 1896px\" \/><figcaption id=\"caption-attachment-174\" class=\"wp-caption-text\">fot. materia\u0142 partnera<\/figcaption><\/figure>\r\n<p>PZU wdra\u017ca czynniki ESG we wszelkich mo\u017cliwych obszarach \u2013 w bie\u017c\u0105cej dzia\u0142alno\u015bci, w oferowanych produktach, przez inwestowanie w OZE oraz w relacjach z partnerami biznesowymi. Dorota Macieja, cz\u0142onkini zarz\u0105du PZU \u017bycie, nadzoruj\u0105ca Biuro Zr\u00f3wnowa\u017conego Rozwoju, zaznacza, \u017ce w obszarze ESG PZU stawia na sp\u00f3jn\u0105 strategi\u0119 i dzia\u0142ania a przeprowadzka do najbardziej ekologicznego biurowca w Warszawie jest kluczowym elementem realizacji strategii ESG ubezpieczyciela..<\/p>\r\n<p>\u2013 Nowy biurowiec odzwierciedla warto\u015bci, kt\u00f3rymi si\u0119 kierujemy. Szukaj\u0105c nowej siedziby \u00a0brali\u015bmy pod uwag\u0119 zar\u00f3wno wp\u0142yw budynku na \u015brodowisko, jak i na dobrostan pracownik\u00f3w. Dzi\u0119ki przeprowadzce do PZU Park uda\u0142o nam si\u0119 stworzy\u0107 ergonomiczne \u015brodowisko pracy dla 4,5 tys. pracownik\u00f3w oraz zredukowa\u0107 emisj\u0119 CO<sub>2<\/sub> o 2,5 tys. ton w ci\u0105gu roku \u2013 m\u00f3wi Dorota Macieja.<\/p>\r\n<p>Budynek PZU spe\u0142nia najbardziej wymagaj\u0105ce standardy. Otrzyma\u0142 miedzy innymi certyfikat LEED Core&amp;Shell na najwy\u017cszym poziomie Platinum i certyfikat WELL na poziomie Gold. LEED to mi\u0119dzynarodowy system oceny budynk\u00f3w, dotycz\u0105cy m.in. wykorzystania ekologicznych materia\u0142\u00f3w, oszcz\u0119dno\u015bci energii i redukcji zu\u017cycia wody, co wp\u0142ywa na ograniczenie emisji dwutlenku w\u0119gla. Z kolei WELL to system oceny jako\u015bci powierzchni biurowej na podstawie ponad 100 parametr\u00f3w budynku maj\u0105cych wp\u0142yw na zdrowie i zachowanie jego u\u017cytkownik\u00f3w.<\/p>\r\n<p>PZU Park \u0142\u0105czy w sobie wszystko, co powinien mie\u0107 nowoczesny i ekologiczny biurowiec. Materia\u0142y u\u017cyte w elewacji obni\u017caj\u0105 zu\u017cycie energii o 30 proc. w por\u00f3wnaniu z tradycyjnymi technologiami. Mimo to nowoczesna wentylacja dostarcza o 30 proc. \u015bwie\u017cego powietrza wi\u0119cej ni\u017c przewiduj\u0105 krajowe przepisy. Wysokiej klasy filtry w klimatyzacji zatrzymuj\u0105 ple\u015bnie, zarodki i py\u0142ki. To szczeg\u00f3lnie istotne dla os\u00f3b cierpi\u0105cych na alergi\u0119. W lobby PZU Park umieszczono zielon\u0105 \u015bcian\u0119 stworzon\u0105 z ponad 6 tys. ro\u015blin, kt\u00f3re w ci\u0105gu doby wytwarzaj\u0105 tlen wystarczaj\u0105cy dla 150 os\u00f3b.<\/p>\r\n<p>Dzi\u0119ki zastosowaniu innowacyjnych rozwi\u0105za\u0144 i technologii siedziba PZU mo\u017ce zu\u017cywa\u0107 znacznie mniej zasob\u00f3w. Na przyk\u0142ad system odzyskiwania wody szarej, a wi\u0119c nienadaj\u0105cej si\u0119 do picia oraz system gromadzenia wody deszczowej pozwalaj\u0105 zaoszcz\u0119dzi\u0107 63 proc. wody pitnej. Pomaga w tym r\u00f3wnie\u017c odpowiednio dobrana ro\u015blinno\u015b\u0107 na zewn\u0105trz, kt\u00f3ra nie wymaga podlewania wod\u0105 z sieci miejskiej. Szczelna fasada, materia\u0142 odbijaj\u0105cy promienie s\u0142oneczne na dachu oraz inne rozwi\u0105zania technologiczne gwarantuj\u0105, \u017ce PZU Park b\u0119dzie zu\u017cywa\u0142 nawet 30 proc. mniej energii ni\u017c bazowy budynek zaprojektowany na potrzeby certyfikacji LEED.<\/p>\r\n<p>&#8212;&#8212;&#8212;&#8211;<br \/>Materia\u0142 partnera<\/p>\r\n","protected":false},"excerpt":{"rendered":"<p>PZU wdra\u017ca czynniki ESG we wszelkich mo\u017cliwych obszarach \u2013 w bie\u017c\u0105cej dzia\u0142alno\u015bci, w oferowanych produktach, przez inwestowanie w OZE oraz w relacjach z partnerami biznesowymi. Dorota Macieja, cz\u0142onkini zarz\u0105du PZU \u017bycie, nadzoruj\u0105ca Biuro Zr\u00f3wnowa\u017conego Rozwoju, zaznacza, \u017ce w obszarze ESG PZU stawia na sp\u00f3jn\u0105 strategi\u0119 i dzia\u0142ania a przeprowadzka do najbardziej ekologicznego biurowca w Warszawie [&hellip;]<\/p>\n","protected":false},"author":1,"featured_media":165,"parent":0,"menu_order":0,"comment_status":"closed","ping_status":"open","template":"","meta":{"_themeisle_gutenberg_block_has_review":false},"_links":{"self":[{"href":"https:\/\/kompendiumesg.pl\/pzu\/wp-json\/wp\/v2\/pages\/2"}],"collection":[{"href":"https:\/\/kompendiumesg.pl\/pzu\/wp-json\/wp\/v2\/pages"}],"about":[{"href":"https:\/\/kompendiumesg.pl\/pzu\/wp-json\/wp\/v2\/types\/page"}],"author":[{"embeddable":true,"href":"https:\/\/kompendiumesg.pl\/pzu\/wp-json\/wp\/v2\/users\/1"}],"replies":[{"embeddable":true,"href":"https:\/\/kompendiumesg.pl\/pzu\/wp-json\/wp\/v2\/comments?post=2"}],"version-history":[{"count":14,"href":"https:\/\/kompendiumesg.pl\/pzu\/wp-json\/wp\/v2\/pages\/2\/revisions"}],"predecessor-version":[{"id":193,"href":"https:\/\/kompendiumesg.pl\/pzu\/wp-json\/wp\/v2\/pages\/2\/revisions\/193"}],"wp:featuredmedia":[{"embeddable":true,"href":"https:\/\/kompendiumesg.pl\/pzu\/wp-json\/wp\/v2\/media\/165"}],"wp:attachment":[{"href":"https:\/\/kompendiumesg.pl\/pzu\/wp-json\/wp\/v2\/media?parent=2"}],"curies":[{"name":"wp","href":"https:\/\/api.w.org\/{rel}","templated":true}]}}